{"id":8,"date":"2016-04-26T18:28:44","date_gmt":"2016-04-26T18:28:44","guid":{"rendered":"http:\/\/hotel-zurmuehle.de\/?page_id=8"},"modified":"2022-10-01T10:44:44","modified_gmt":"2022-10-01T08:44:44","slug":"angebote","status":"publish","type":"page","link":"http:\/\/hotel-zurmuehle.de\/?page_id=8","title":{"rendered":"Angebote"},"content":{"rendered":"<h2 style=\"text-align: center;\">\u00dcbernachtungen<\/h2>\n<p>Die Kapazit\u00e4t unseres Hotels umfa\u00dft <strong>10 Doppel- bzw. Zwei-Bett-Zimmer<\/strong> (Aufbettung m\u00f6glich) und <strong>2 Einzelzimmer<\/strong>.<\/p>\n<p>Eines der Doppelzimmer ist entsprechend den DIN-Normen (DIN 18024) <strong>rollstuhlgerecht<\/strong> ausgestattet und eingerichtet.<\/p>\n<p>Das gesamte Erdgeschoss ist barrierefrei!<\/p>\n<p>Die Zimmer sind ausgestattet mit:<\/p>\n<p style=\"padding-left: 60px;\">Dusche und WC<br \/>\nRadiowecker<br \/>\nTV<br \/>\nTelefon<br \/>\nund Minibar<\/p>\n<p>Weiterhin stehen Ihnen vor Ort unsere direkt am Haus befindlichen, <strong>geb\u00fchrenfreien Parkpl\u00e4tze<\/strong> zur Verf\u00fcgung.<\/p>\n<p>Wenn Sie eine Fahrradtour machen m\u00f6chten, stellen wir Ihnen gern Fahrr\u00e4der zur Verf\u00fcgung. Bitte sprechen Sie uns 1-2 Tage im Voraus darauf an.<\/p>\n<h2 style=\"text-align: center;\">Geschenkideen<\/h2>\n<p>Suchen Sie ein sch\u00f6nes Geschenk f\u00fcr eine liebe Person oder m\u00f6chten Sie jemanden \u00fcberraschen?<\/p>\n<p>Vielleicht gef\u00e4llt Ihnen eine der folgenden Ideen (Vorbestellung n\u00f6tig):<\/p>\n<p style=\"padding-left: 60px;\">ein Sektfr\u00fchst\u00fcck oder<br \/>\nein Erholungswochenende in der sch\u00f6nen Uckermark mit Wanderung oder Radtour<\/p>\n<p>Nach Belieben k\u00f6nnen Sie diese Angebote mit einem kulturellen Highlight verbinden, zum Beispiel bietet sich an:<\/p>\n<p style=\"padding-left: 60px;\">ein Besuch in den Uckerm\u00e4rkischen B\u00fchnen Schwedt,<br \/>\nein sch\u00f6nes Konzert anl\u00e4\u00dflich des &#8222;Choriner Musiksommers&#8220; oder<br \/>\nein Besuch anl\u00e4\u00dflich der Blasmusiktagen in Angerm\u00fcnde (hierbei ist eine fr\u00fchzeitige Vorbestellung notwendig, da die Blasmusiktage nur an einem Wochenende im Jahr stattfinden)<\/p>\n<p>Fragen Sie uns doch einfach, welche kulturellen Angebote f\u00fcr den von Ihnen gew\u00e4hlten Zeitpunkt zur Verf\u00fcgung stehen. Die Organisation \u00fcbernehmen wir gern f\u00fcr Sie.<\/p>\n","protected":false},"excerpt":{"rendered":"<p>\u00dcbernachtungen Die Kapazit\u00e4t unseres Hotels umfa\u00dft 10 Doppel- bzw. Zwei-Bett-Zimmer (Aufbettung m\u00f6glich) und 2 Einzelzimmer. Eines der Doppelzimmer ist entsprechend den DIN-Normen (DIN 18024) rollstuhlgerecht ausgestattet und eingerichtet. Das gesamte Erdgeschoss ist barrierefrei! Die Zimmer sind ausgestattet mit: Dusche und WC Radiowecker TV Telefon und Minibar Weiterhin stehen Ihnen vor Ort unsere direkt am Haus befindlichen, geb\u00fchrenfreien Parkpl\u00e4tze zur Verf\u00fcgung. Wenn Sie eine Fahrradtour machen m\u00f6chten, stellen wir Ihnen gern Fahrr\u00e4der zur Verf\u00fcgung. Bitte sprechen Sie uns 1-2 Tage im Voraus darauf an. Geschenkideen Suchen Sie ein sch\u00f6nes Geschenk f\u00fcr eine liebe Person oder m\u00f6chten Sie jemanden \u00fcberraschen? Vielleicht gef\u00e4llt Ihnen eine der folgenden Ideen (Vorbestellung n\u00f6tig): ein Sektfr\u00fchst\u00fcck oder ein Erholungswochenende in der sch\u00f6nen Uckermark mit Wanderung oder Radtour Nach Belieben k\u00f6nnen Sie diese Angebote mit einem kulturellen Highlight verbinden, zum Beispiel bietet sich an: ein Besuch in den Uckerm\u00e4rkischen B\u00fchnen Schwedt, ein sch\u00f6nes Konzert anl\u00e4\u00dflich des &#8222;Choriner Musiksommers&#8220; oder ein Besuch anl\u00e4\u00dflich der Blasmusiktagen in Angerm\u00fcnde (hierbei ist eine fr\u00fchzeitige Vorbestellung notwendig, da die Blasmusiktage nur an einem Wochenende im Jahr stattfinden) Fragen Sie uns doch einfach, welche kulturellen Angebote f\u00fcr den von Ihnen gew\u00e4hlten Zeitpunkt zur Verf\u00fcgung stehen. Die Organisation \u00fcbernehmen wir gern f\u00fcr Sie.<\/p>\n","protected":false},"author":1,"featured_media":0,"parent":0,"menu_order":1,"comment_status":"closed","ping_status":"closed","template":"full-width.php","meta":{"footnotes":""},"class_list":["post-8","page","type-page","status-publish","hentry"],"_links":{"self":[{"href":"http:\/\/hotel-zurmuehle.de\/index.php?rest_route=\/wp\/v2\/pages\/8","targetHints":{"allow":["GET"]}}],"collection":[{"href":"http:\/\/hotel-zurmuehle.de\/index.php?rest_route=\/wp\/v2\/pages"}],"about":[{"href":"http:\/\/hotel-zurmuehle.de\/index.php?rest_route=\/wp\/v2\/types\/page"}],"author":[{"embeddable":true,"href":"http:\/\/hotel-zurmuehle.de\/index.php?rest_route=\/wp\/v2\/users\/1"}],"replies":[{"embeddable":true,"href":"http:\/\/hotel-zurmuehle.de\/index.php?rest_route=%2Fwp%2Fv2%2Fcomments&post=8"}],"version-history":[{"count":19,"href":"http:\/\/hotel-zurmuehle.de\/index.php?rest_route=\/wp\/v2\/pages\/8\/revisions"}],"predecessor-version":[{"id":179,"href":"http:\/\/hotel-zurmuehle.de\/index.php?rest_route=\/wp\/v2\/pages\/8\/revisions\/179"}],"wp:attachment":[{"href":"http:\/\/hotel-zurmuehle.de\/index.php?rest_route=%2Fwp%2Fv2%2Fmedia&parent=8"}],"curies":[{"name":"wp","href":"https:\/\/api.w.org\/{rel}","templated":true}]}}