{"id":2,"date":"2016-04-13T02:16:31","date_gmt":"2016-04-13T02:16:31","guid":{"rendered":"http:\/\/wp45m.a10-52-158-154.qa.plesk.ru\/wordpress\/?page_id=2"},"modified":"2016-09-02T13:52:08","modified_gmt":"2016-09-02T11:52:08","slug":"sample-page","status":"publish","type":"page","link":"http:\/\/hotel-zurmuehle.de\/?page_id=2","title":{"rendered":"Region"},"content":{"rendered":"<h2 style=\"text-align: center;\">Die Uckermark<\/h2>\n<p>&nbsp;<\/p>\n<p>&nbsp;<\/p>\n<p>Unser Hotel befindet sich in in dem kleinen, von W\u00e4ldern umgebenen <strong>Schmargendorf<\/strong> (ein Ortsteil von Angerm\u00fcnde), das etwa 70 km von Berlin-Mitte entfernt ist. In der Umgebung sind au\u00dferdem viele Seen, die im Sommer zum Schwimmen und im Winter zum Schlittschuhlaufen einladen.<\/p>\n<p><span style=\"text-decoration: underline;\">Schmargendorf liegt:<\/span><\/p>\n<p style=\"padding-left: 60px;\">im Biosph\u00e4renreservat Schorfheide-Chorin und nahe dessen Informationszentrums &#8222;Blumberger M\u00fchle&#8220;<br \/>\nam Rande des Weltnaturerbes &#8222;Grumsiner Forst&#8220;<br \/>\nin der N\u00e4he des Nationalparks &#8222;Unteres Odertal&#8220;<br \/>\nnahe des Wasservogelreservates Grimnitzsee<br \/>\nunweit des Klosters Chorin und des Schiffshebewerkes Niederfinow<\/p>\n<p>Mit einem der zahlreichen kulturellen Angeboten in der Region k\u00f6nnen Sie in Ihrem Urlaub sch\u00f6ne Abende verleben.<\/p>\n<p><span style=\"text-decoration: underline;\">Als besondere H\u00f6hepunkte empfehlen wir:<\/span><\/p>\n<p style=\"padding-left: 60px;\">einen Besuch in einer Vorstellung des Theaters in Schwedt\/Oder oder<br \/>\neinen Besuch bei einem Konzert anl\u00e4sslich des &#8222;Choriner Musiksommers&#8220;.<\/p>\n<p>F\u00fcr Fragen bez\u00fcglich der aktuellen Programme stehen wir Ihnen gern zur Verf\u00fcgung. Gerne \u00fcbernehmen wir auch die Organisation der Karten<\/p>\n<p>Sollten Sie noch weitere Fragen haben, z\u00f6gern Sie nicht uns anzusprechen.\u00a0Entweder Sie rufen uns direkt an oder schreiben uns eine kurze E-Mail, wir werden uns dann schnellstm\u00f6glich mit Ihnen in Verbindung setzen.<\/p>\n","protected":false},"excerpt":{"rendered":"<p>Die Uckermark &nbsp; &nbsp; Unser Hotel befindet sich in in dem kleinen, von W\u00e4ldern umgebenen Schmargendorf (ein Ortsteil von Angerm\u00fcnde), das etwa 70 km von Berlin-Mitte entfernt ist. In der Umgebung sind au\u00dferdem viele Seen, die im Sommer zum Schwimmen und im Winter zum Schlittschuhlaufen einladen. Schmargendorf liegt: im Biosph\u00e4renreservat Schorfheide-Chorin und nahe dessen Informationszentrums &#8222;Blumberger M\u00fchle&#8220; am Rande des Weltnaturerbes &#8222;Grumsiner Forst&#8220; in der N\u00e4he des Nationalparks &#8222;Unteres Odertal&#8220; nahe des Wasservogelreservates Grimnitzsee unweit des Klosters Chorin und des Schiffshebewerkes Niederfinow Mit einem der zahlreichen kulturellen Angeboten in der Region k\u00f6nnen Sie in Ihrem Urlaub sch\u00f6ne Abende verleben. Als besondere H\u00f6hepunkte empfehlen wir: einen Besuch in einer Vorstellung des Theaters in Schwedt\/Oder oder einen Besuch bei einem Konzert anl\u00e4sslich des &#8222;Choriner Musiksommers&#8220;. F\u00fcr Fragen bez\u00fcglich der aktuellen Programme stehen wir Ihnen gern zur Verf\u00fcgung. Gerne \u00fcbernehmen wir auch die Organisation der Karten Sollten Sie noch weitere Fragen haben, z\u00f6gern Sie nicht uns anzusprechen.\u00a0Entweder Sie rufen uns direkt an oder schreiben uns eine kurze E-Mail, wir werden uns dann schnellstm\u00f6glich mit Ihnen in Verbindung setzen.<\/p>\n","protected":false},"author":1,"featured_media":0,"parent":0,"menu_order":0,"comment_status":"closed","ping_status":"open","template":"full-width.php","meta":{"footnotes":""},"class_list":["post-2","page","type-page","status-publish","hentry"],"_links":{"self":[{"href":"http:\/\/hotel-zurmuehle.de\/index.php?rest_route=\/wp\/v2\/pages\/2","targetHints":{"allow":["GET"]}}],"collection":[{"href":"http:\/\/hotel-zurmuehle.de\/index.php?rest_route=\/wp\/v2\/pages"}],"about":[{"href":"http:\/\/hotel-zurmuehle.de\/index.php?rest_route=\/wp\/v2\/types\/page"}],"author":[{"embeddable":true,"href":"http:\/\/hotel-zurmuehle.de\/index.php?rest_route=\/wp\/v2\/users\/1"}],"replies":[{"embeddable":true,"href":"http:\/\/hotel-zurmuehle.de\/index.php?rest_route=%2Fwp%2Fv2%2Fcomments&post=2"}],"version-history":[{"count":10,"href":"http:\/\/hotel-zurmuehle.de\/index.php?rest_route=\/wp\/v2\/pages\/2\/revisions"}],"predecessor-version":[{"id":108,"href":"http:\/\/hotel-zurmuehle.de\/index.php?rest_route=\/wp\/v2\/pages\/2\/revisions\/108"}],"wp:attachment":[{"href":"http:\/\/hotel-zurmuehle.de\/index.php?rest_route=%2Fwp%2Fv2%2Fmedia&parent=2"}],"curies":[{"name":"wp","href":"https:\/\/api.w.org\/{rel}","templated":true}]}}