{"id":183,"date":"2024-05-02T16:28:24","date_gmt":"2024-05-02T14:28:24","guid":{"rendered":"https:\/\/hotel-zurmuehle.de\/?page_id=183"},"modified":"2024-05-02T16:46:18","modified_gmt":"2024-05-02T14:46:18","slug":"informationen","status":"publish","type":"page","link":"http:\/\/hotel-zurmuehle.de\/?page_id=183","title":{"rendered":"Wandern"},"content":{"rendered":"\n<p class=\"has-medium-font-size\"><strong>Grumsiner Genusswanderweg<\/strong><br><\/p>\n\n\n\n<p><\/p>\n\n\n\n<p><\/p>\n\n\n\n<p>Start: Schmargendorf \/ Ende: Altk\u00fcnkendorf<\/p>\n\n\n\n<p>Markierung: t\u00fcrkises \u201eG\u201c auf wei\u00dfem Grund<\/p>\n\n\n\n<p>L\u00e4nge: 10km<\/p>\n\n\n\n<p><br>Der Weg beginnt ab dem Hemme Milch Hof, ca. 1 km von unserem Hotel entfernt.<br>F\u00fcr Familien ist der Hof eine absolute Empfehlung! Hofcaf\u00e9, Milchladen, Spielplatz und gro\u00dfer Kr\u00e4utergarten sowie K\u00e4lbchen und andere Tiere zum Streicheln warten auf gro\u00dfe und kleine Besucher.<\/p>\n\n\n\n<p>Ein t\u00fcrkisfarbenes G, f\u00fcr Grumsiner Genusswanderweg, weist ab dort den Weg in Richtung Zuchenberg.<br>In Zuchenberg geht es nun weiter Richtung Luisenhof. Hier f\u00fchrt der G-Weg an der K\u00fcnstlerscheune Louisenhof Nr. 2 vorbei. Kunstvolles wohin das Auge schaut. Ein wunderbarer Ort f\u00fcr eine kreative Pause mit Kaffee und selbstgebackenem Kuchen.<\/p>\n\n\n\n<p><br>Ging die Wanderung bisher durch sanft h\u00fcgelige Grundmor\u00e4nenlandschaft, kommen Sie nun im kraftvollen UNESO-Weltnaturerbe Buchenwald Grumsin mit See, Erlenbr\u00fcchen und Mooren an.<\/p>\n\n\n\n<p>Rechts die Buchen in der ebenfalls gesch\u00fctzten Nutzwaldzone (Pufferzone) und links der unmittelbare Blick in den Welterbe Buchenwald. Dieser Teil des Waldes ist nur mit einer F\u00fchrung betretbar! Jedes Wochenende bietet die Tourist-Information Angerm\u00fcnde unterschiedliche gef\u00fchrte Touren an: <a href=\"https:\/\/www.angermuende-tourismus.de\/erleben\/fuehrungen\/\">https:\/\/www.angermuende-tourismus.de\/erleben\/fuehrungen\/<\/a><\/p>\n\n\n\n<p><br>In Altk\u00fcnkendorf angekommen, freut sich der Infopunkt Weltnaturerbe Buchenwald Grumsin auf Ihren Besuch. Sie sind auf der Suche nach einer regionalen K\u00f6stlichkeit? Verbinden Sie Ihre Wanderung mit einem Einblick in die Produktion von hochwertigen Br\u00e4nden, Geisten, Lik\u00f6ren, ebenso wie in die Herstellung von Whisky aus historischen Getreidesorten der Uckermark und besuchen den Hofladen der GRUMSINER Brennerei.<br><br>Den kompletten Grumsiner Genusswanderweg von Angerm\u00fcnde nach Altk\u00fcnkendorf finden Sie hier: <a href=\"https:\/\/www.angermuende-tourismus.de\/grumsiner-genusswanderweg\/\">https:\/\/www.angermuende-tourismus.de\/grumsiner-genusswanderweg\/<\/a><\/p>\n\n\n\n<p>Ab Altk\u00fcnkendorf kann auf eigene Faust in den Buchenwald Grumsin gewandert werden, auf drei unterschiedlichen Wanderwegen (zwischen 10 km und 21 km lang).<br>Alle Wanderwege finden Sie hier: <a href=\"https:\/\/www.angermuende-tourismus.de\/erleben\/wandern\/\">https:\/\/www.angermuende-tourismus.de\/erleben\/wandern\/<\/a><\/p>\n\n\n\n<p>&#8212;<\/p>\n\n\n\n<p class=\"has-medium-font-size\"><strong>\u00d6PNV Angebote<\/strong><\/p>\n\n\n\n<p><strong>Mobil zum Ziel \u2013 auch ohne Auto<\/strong><\/p>\n\n\n\n<p>Umgeben von drei nationalen Schutzlandschaften und nur 50 Zugminuten von Berlin (1,50 Min von Stettin) entfernt, ist der staatlich anerkannte Erholungsort Angerm\u00fcnde der ideale Ausgangspunkt, um die d\u00fcnn besiedelte, artenreiche Uckermark zu entdecken. <strong>Von April bis Oktober bringt Sie der WelterbeBus Grumsin am Wochenende im Stundentakt und innerhalb der Woche im 2-Stundentakt nach Schmargendorf.<\/strong><\/p>\n\n\n\n<figure class=\"wp-block-table is-style-stripes\"><table><tbody><tr><td><img decoding=\"async\" src=\"https:\/\/hotel-zurmuehle.de\/wp-content\/uploads\/2024\/05\/image.png\" alt=\"\"><\/td><td>WelterbeBus Grumsin, BiberBus, NationalparkLinie, UckermarkShuttle sowie StrandbadBus stehen Ihnen zur Verf\u00fcgung.<br>Bei uns erreichen Sie bequem und zuverl\u00e4ssig Ihr Ausflugsziel \u2013 auch ohne Auto!<br>Aktuelle Fahrpl\u00e4ne sowie weitere Informationen finden Sie auf<br><a href=\"https:\/\/www.angermuende-tourismus.de\/mobil\">https:\/\/www.angermuende-tourismus.de\/mobil<\/a><\/td><\/tr><\/tbody><\/table><\/figure>\n\n\n\n<p><\/p>\n\n\n\n<p><\/p>\n","protected":false},"excerpt":{"rendered":"<p>Grumsiner Genusswanderweg Start: Schmargendorf \/ Ende: Altk\u00fcnkendorf Markierung: t\u00fcrkises \u201eG\u201c auf wei\u00dfem Grund L\u00e4nge: 10km Der Weg beginnt ab dem Hemme Milch Hof, ca. 1 km von unserem Hotel entfernt.F\u00fcr Familien ist der Hof eine absolute Empfehlung! Hofcaf\u00e9, Milchladen, Spielplatz und gro\u00dfer Kr\u00e4utergarten sowie K\u00e4lbchen und andere Tiere zum Streicheln warten auf gro\u00dfe und kleine Besucher. Ein t\u00fcrkisfarbenes G, f\u00fcr Grumsiner Genusswanderweg, weist ab dort den Weg in Richtung Zuchenberg.In Zuchenberg geht es nun weiter Richtung Luisenhof. Hier f\u00fchrt der G-Weg an der K\u00fcnstlerscheune Louisenhof Nr. 2 vorbei. Kunstvolles wohin das Auge schaut. Ein wunderbarer Ort f\u00fcr eine kreative Pause mit Kaffee und selbstgebackenem Kuchen. Ging die Wanderung bisher durch sanft h\u00fcgelige Grundmor\u00e4nenlandschaft, kommen Sie nun im kraftvollen UNESO-Weltnaturerbe Buchenwald Grumsin mit See, Erlenbr\u00fcchen und Mooren an. Rechts die Buchen in der ebenfalls gesch\u00fctzten Nutzwaldzone (Pufferzone) und links der unmittelbare Blick in den Welterbe Buchenwald. Dieser Teil des Waldes ist nur mit einer F\u00fchrung betretbar! Jedes Wochenende bietet die Tourist-Information Angerm\u00fcnde unterschiedliche gef\u00fchrte Touren an: https:\/\/www.angermuende-tourismus.de\/erleben\/fuehrungen\/ In Altk\u00fcnkendorf angekommen, freut sich der Infopunkt Weltnaturerbe Buchenwald Grumsin auf Ihren Besuch. Sie sind auf der Suche nach einer regionalen K\u00f6stlichkeit? Verbinden Sie Ihre Wanderung mit einem Einblick in die Produktion von hochwertigen Br\u00e4nden, Geisten, Lik\u00f6ren, ebenso wie in die Herstellung von Whisky aus historischen Getreidesorten der Uckermark und besuchen den Hofladen der GRUMSINER Brennerei. Den kompletten Grumsiner Genusswanderweg von Angerm\u00fcnde nach Altk\u00fcnkendorf finden Sie hier: https:\/\/www.angermuende-tourismus.de\/grumsiner-genusswanderweg\/ Ab Altk\u00fcnkendorf kann auf eigene Faust in den Buchenwald Grumsin gewandert werden, auf drei unterschiedlichen Wanderwegen&#8230; <\/p>\n","protected":false},"author":1,"featured_media":0,"parent":0,"menu_order":0,"comment_status":"closed","ping_status":"closed","template":"","meta":{"footnotes":""},"class_list":["post-183","page","type-page","status-publish","hentry"],"_links":{"self":[{"href":"http:\/\/hotel-zurmuehle.de\/index.php?rest_route=\/wp\/v2\/pages\/183","targetHints":{"allow":["GET"]}}],"collection":[{"href":"http:\/\/hotel-zurmuehle.de\/index.php?rest_route=\/wp\/v2\/pages"}],"about":[{"href":"http:\/\/hotel-zurmuehle.de\/index.php?rest_route=\/wp\/v2\/types\/page"}],"author":[{"embeddable":true,"href":"http:\/\/hotel-zurmuehle.de\/index.php?rest_route=\/wp\/v2\/users\/1"}],"replies":[{"embeddable":true,"href":"http:\/\/hotel-zurmuehle.de\/index.php?rest_route=%2Fwp%2Fv2%2Fcomments&post=183"}],"version-history":[{"count":15,"href":"http:\/\/hotel-zurmuehle.de\/index.php?rest_route=\/wp\/v2\/pages\/183\/revisions"}],"predecessor-version":[{"id":203,"href":"http:\/\/hotel-zurmuehle.de\/index.php?rest_route=\/wp\/v2\/pages\/183\/revisions\/203"}],"wp:attachment":[{"href":"http:\/\/hotel-zurmuehle.de\/index.php?rest_route=%2Fwp%2Fv2%2Fmedia&parent=183"}],"curies":[{"name":"wp","href":"https:\/\/api.w.org\/{rel}","templated":true}]}}