{"id":152,"date":"2018-04-30T16:24:16","date_gmt":"2018-04-30T14:24:16","guid":{"rendered":"http:\/\/hotel-zurmuehle.de\/?page_id=152"},"modified":"2018-04-30T16:24:16","modified_gmt":"2018-04-30T14:24:16","slug":"datenschutz","status":"publish","type":"page","link":"http:\/\/hotel-zurmuehle.de\/?page_id=152","title":{"rendered":"Datenschutz"},"content":{"rendered":"<p>Wir freuen uns \u00fcber Ihr Interesse an unserer Website. Der Schutz Ihrer Privatsph\u00e4re ist f\u00fcr uns sehr wichtig. Nachstehend informieren wir Sie ausf\u00fchrlich \u00fcber den Umgang mit Ihren Daten.<\/p>\n<p><strong>Erhebung, Verarbeitung und Nutzung personenbezogener Daten<br \/>\n<\/strong>Sie k\u00f6nnen unsere Seite besuchen, ohne Angaben zu Ihrer Person zu machen. Wir speichern lediglich Zugriffsdaten ohne Personenbezug wie z.B. den Namen Ihres Internet Service Providers, die Seite, von der aus Sie uns besuchen oder den Namen der angeforderten Datei. Personenbezogene Daten werden nur erhoben, wenn Sie uns diese freiwillig mitteilen. Wir verwenden die von ihnen mitgeteilten Daten ohne Ihre gesonderte Einwilligung ausschlie\u00dflich zur Erf\u00fcllung und Abwicklung Ihrer Anfrage. Mit vollst\u00e4ndiger Abwicklung des Vertrages werden Ihre Daten f\u00fcr die weitere Verwendung gesperrt und nach Ablauf der steuer- und handelsrechtlichen Aufbewahrungsfristen gel\u00f6scht, sofern Sie nicht ausdr\u00fccklich in die weitere Nutzung Ihrer Daten eingewilligt haben.<\/p>\n<p><strong>Server-Log-Files<\/strong><br \/>\nDurch den Provider der Seiten werden automatisch Informationen in so genannten Server-Log Files generiert und gespeichert, die Ihr Browser automatisch an uns \u00fcbermittelt. Dabei handelt es um: Referrer URL, Uhrzeit der Serveranfrage, Browsertyp und Browserversion, Hostname des zugreifenden Rechners. Diese Daten sind keiner bestimmten Personen zuordenbar. Diese Daten\u00a0 werden nicht mit anderen Datenquellen zusammen gef\u00fchrt. Sollten uns konkrete Anhaltspunkte f\u00fcr eine rechtswidrige Nutzung bekannt werden, so behalten wir uns vor, diese Daten nachtr\u00e4glich zu \u00fcberpr\u00fcfen.<\/p>\n<p><strong>Verwendung von Cookies<\/strong><br \/>\nAuf verschiedenen Seiten verwenden wir Cookies, um den Besuch unserer Website attraktiv zu gestalten und die Nutzung bestimmter Funktionen zu erm\u00f6glichen. Hierbei handelt es sich um kleine Textdateien, die auf Ihrem Rechner abgelegt werden. Die meisten der von uns verwendeten Cookies werden nach Ende der Browser-Sitzung wieder von Ihrer Festplatte gel\u00f6scht (sog. Sitzungs-Cookies). Andere Cookies verbleiben auf Ihrem Rechner und erm\u00f6glichen uns, Ihren Rechner bei Ihrem n\u00e4chsten Besuch wieder zu erkennen (sog. dauerhafte Cookies). Dabei k\u00f6nnen Sie Ihren Browser so einstellen, dass Sie dar\u00fcber informiert wenn, wenn ein Cookie gesetzt wird oder eine Erlaubnis nur f\u00fcr den Einzelfall erteilt werden soll, au\u00dferdem k\u00f6nnen Sie die automatische L\u00f6schung der Cookies aktivieren, wenn der Browser geschlossen wird. Sollten Sie die Cookies deaktivieren, kann die Nutzbarkeit dieser Webseite vermindert sein.<\/p>\n<p><strong>Google Analytics<\/strong><br \/>\nDiese Website benutzt Google Analytics, einen Webanalysedienst der Google Inc., 1600 Amphitheatre Parkway Mountain View, CA 94043, USA (\u201eGoogle\u201c). Google Analytics verwendet sog. \u201eCookies\u201c, Textdateien, die auf Ihrem Computer gespeichert werden und die eine Analyse der Benutzung der Website durch Sie erm\u00f6glichen. Die durch den Cookie erzeugten Informationen \u00fcber Ihre Benutzung dieser Website werden in der Regel an einen Server von Google in den USA \u00fcbertragen und dort gespeichert. Im Falle der Aktivierung der IP-Anonymisierung auf dieser Webseite, wird Ihre IP-Adresse von Google jedoch innerhalb von Mitgliedstaaten der Europ\u00e4ischen Union oder in anderen Vertragsstaaten des Abkommens \u00fcber den Europ\u00e4ischen Wirtschaftsraum zuvor gek\u00fcrzt. Nur in Ausnahmef\u00e4llen wird die volle IP-Adresse an einen Server von Google in den USA \u00fcbertragen und dort gek\u00fcrzt. Im Auftrag des Betreibers dieser Website wird Google diese Informationen benutzen, um Ihre Nutzung der Website auszuwerten, um Reports \u00fcber die Websiteaktivit\u00e4ten zusammenzustellen und um weitere mit der Websitenutzung und der Internetnutzung verbundene Dienstleistungen gegen\u00fcber dem Websitebetreiber zu erbringen. Die im Rahmen von Google Analytics von Ihrem Browser \u00fcbermittelte IP-Adresse wird nicht mit anderen Daten von Google zusammengef\u00fchrt. Sie k\u00f6nnen die Speicherung der Cookies durch eine entsprechende Einstellung Ihrer Browser-Software verhindern; wir weisen Sie jedoch darauf hin, dass Sie in diesem Fall gegebenenfalls nicht s\u00e4mtliche Funktionen dieser Website vollumf\u00e4nglich werden nutzen k\u00f6nnen. Sie k\u00f6nnen dar\u00fcber hinaus die Erfassung der durch das Cookie erzeugten und auf Ihre Nutzung der Website bezogenen Daten (inkl. Ihrer IP-Adresse) an Google sowie die Verarbeitung dieser Daten durch Google verhindern, indem sie das unter dem folgenden Link (<a href=\"http:\/\/tools.google.com\/dlpage\/gaoptout?hl=de\" data-slimstat=\"5\">http:\/\/tools.google.com\/dlpage\/gaoptout?hl=de<\/a>) verf\u00fcgbare Browser-Plugin herunterladen und installieren.<\/p>\n<p>N\u00e4here Informationen zu Nutzungsbedingungen und Datenschutz finden Sie unter <a href=\"http:\/\/www.google.com\/analytics\/terms\/de.html\" data-slimstat=\"5\">http:\/\/www.google.com\/analytics\/terms\/de.html<\/a> bzw. unter <a href=\"http:\/\/www.google.com\/intl\/de\/analytics\/privacyoverview.html\" data-slimstat=\"5\">http:\/\/www.google.com\/intl\/de\/analytics\/privacyoverview.html<\/a>. Wir weisen Sie darauf hin, dass auf dieser Webseite Google Analytics um den Code \u201egat._anonymizeIp();\u201c erweitert wurde, um eine anonymisierte Erfassung von IP-Adressen (sog. IP-Masking) zu gew\u00e4hrleisten.<\/p>\n<p>Wir nutzen Google Analytics zudem dazu, Daten aus AdWords und dem Double-Click-Cookie zu statistischen Zwecken auszuwerten. Sollten Sie dies nicht w\u00fcnschen, k\u00f6nnen Sie dies \u00fcber den Anzeigenvorgaben-Manager (<a href=\"http:\/\/www.google.com\/settings\/ads\/onweb\/?hl=de\" data-slimstat=\"5\">http:\/\/www.google.com\/settings\/ads\/onweb\/?hl=de<\/a>) deaktivieren.<\/p>\n<p>Wir haben mit Google einen Vertrag zur Auftragsdatenverarbeitung abgeschlossen und setzen die strengen Vorgaben der deutschen Datenschutzbeh\u00f6rden bei der Nutzung von Google Analytics vollst\u00e4ndig um.<\/p>\n<p><strong>Datenschutzerkl\u00e4rung f\u00fcr die Nutzung von Facebook-Plugins (Like-Button)<\/strong><br \/>\nAuf unseren Seiten sind Plugins des sozialen Netzwerks Facebook, Anbieter Facebook Inc., 1 Hacker Way, Menlo Park, California 94025, USA, enthalten. Die Facebook-Plugins erkennen Sie an dem Facebook-Logo oder dem \u201eLike-Button\u201c (\u201eGef\u00e4llt mir\u201c) auf unserer Seite. Eine \u00dcbersicht \u00fcber die Facebook-Plugins finden Sie hier: <a href=\"http:\/\/developers.facebook.com\/docs\/plugins\/\" data-slimstat=\"5\">http:\/\/developers.facebook.com\/docs\/plugins\/<\/a>.<\/p>\n<p>Bei dem Besuch unserer Seiten, wird \u00fcber das Plugin eine direkte Verbindung zwischen Ihrem Browser und dem Facebook-Server hergestellt. Facebook erh\u00e4lt dadurch die Information, dass Sie mit Ihrer IP-Adresse unsere Seite besucht haben. Wenn Sie den Facebook \u201eLike-Button\u201c anklicken w\u00e4hrend Sie in Ihrem Facebook-Account eingeloggt sind, k\u00f6nnen Sie die Inhalte unserer Seiten auf Ihrem Facebook-Profil verlinken. Dadurch kann Facebook den Besuch unserer Seiten Ihrem Benutzerkonto zuordnen. Wir weisen darauf hin, dass wir als Anbieter der Seiten keine Kenntnis vom Inhalt der \u00fcbermittelten Daten sowie deren Nutzung durch Facebook erhalten. Weitere Informationen hierzu finden Sie in der Datenschutzerkl\u00e4rung von Facebook unter <a href=\"http:\/\/de-de.facebook.com\/policy.php\" data-slimstat=\"5\">http:\/\/de-de.facebook.com\/policy.php<\/a>.<\/p>\n<p>Falls Sie Mitglied von Facebook sein sollten und Sie nicht w\u00fcnschen, dass Facebook den Besuch unserer Seiten Ihrem Facebook-Nutzerkonto zuordnen kann, loggen Sie sich bitte aus Ihrem Facebook-Benutzerkonto aus.<\/p>\n<p><strong>Datenschutzerkl\u00e4rung f\u00fcr die Nutzung von LinkedIn<\/strong><br \/>\nUnsere Website nutzt Plugins der LinkedIn Inc., 2029 Stierlin Court, Mountain View, CA 94043, USA (LinkedIn). Soweit Funktionen von LinkedIn auf unseren Seiten vorliegen, wird eine Verbindung zu Servern von LinkedIn aufgebaut. Dadurch wird LinkedIn dar\u00fcber informiert, dass Sie unsere Internetseiten mit Ihrer IP-Adresse besucht haben. Wenn Sie den \u201eRecommend-Button\u201c von LinkedIn anklicken und in Ihrem Account bei LinkedIn eingeloggt sind, kann LinkedIn, Ihren Besuch auf unserer Internetseite Ihnen und Ihrem Benutzerkonto zuzuordnen. Wir weisen darauf hin, dass wir als Anbieter der Seiten keine Kenntnis vom Inhalt der \u00fcbermittelten Daten sowie deren Nutzung durch LinkedIn haben.<\/p>\n<p>Weitere Informationen hierzu finden Sie in der Datenschutzerkl\u00e4rung von LinkedIn unter: <a href=\"https:\/\/www.linkedin.com\/legal\/privacy-policy\" data-slimstat=\"5\">https:\/\/www.linkedin.com\/legal\/privacy-policy<\/a><\/p>\n<p><strong>Datenschutzerkl\u00e4rung f\u00fcr die Nutzung von XING<br \/>\n<\/strong>Unsere Webseite nutzt Funktionen des Netzwerks XING. Anbieter ist die XING AG, Dammtorstra\u00dfe 29-32, 20354 Hamburg, Deutschland. Beim Aufruf dieser Internetseite wird \u00fcber Ihren Browser kurzfristig eine Verbindung zu Servern der XING AG (\u201eXING\u201c) aufgebaut, mit denen die \u201eXING Share-Button\u201c-Funktionen (insbesondere die Berechnung\/Anzeige des Z\u00e4hlerwerts) erbracht werden. XING speichert keine personenbezogenen Daten von Ihnen \u00fcber den Aufruf dieser Internetseite. XING speichert insbesondere keine IP-Adressen. Es findet auch keine Auswertung Ihres Nutzungsverhaltens \u00fcber die Verwendung von Cookies im Zusammenhang mit dem \u201eXING Share-Button\u201c statt. Die jeweils aktuellen Datenschutzinformationen zum \u201eXING Share-Button\u201c und erg\u00e4nzende Informationen k\u00f6nnen Sie auf dieser Internetseite abrufen:<\/p>\n<p><a href=\"https:\/\/www.xing.com\/app\/share?op=data_protection\" data-slimstat=\"5\">https:\/\/www.xing.com\/app\/share?op=data_protection<\/a><\/p>\n<p><strong>Auskunft, L\u00f6schung, Sperrung<br \/>\n<\/strong>Ihnen steht das jederzeitige Recht auf unentgeltliche Auskunft \u00fcber Ihre gespeicherten personenbezogenen Daten, deren Herkunft und Empf\u00e4nger und den Zweck der Datenverarbeitung sowie gegebenenfalls ein Recht auf Berichtigung, Sperrung oder L\u00f6schung dieser Daten zu.\u00a0 Sollten\u00a0 einer L\u00f6schung gesetzliche oder vertragliche Aufbewahrungsfristen entgegenstehen, so erfolgt eine Sperrung der entsprechenden Daten. Hierzu sowie zu weiteren Fragen zum Thema personenbezogene Daten k\u00f6nnen Sie sich jederzeit unter der im Impressum angegebenen Adresse an uns wenden.<\/p>\n","protected":false},"excerpt":{"rendered":"<p>Wir freuen uns \u00fcber Ihr Interesse an unserer Website. Der Schutz Ihrer Privatsph\u00e4re ist f\u00fcr uns sehr wichtig. Nachstehend informieren wir Sie ausf\u00fchrlich \u00fcber den Umgang mit Ihren Daten. Erhebung, Verarbeitung und Nutzung personenbezogener Daten Sie k\u00f6nnen unsere Seite besuchen, ohne Angaben zu Ihrer Person zu machen. Wir speichern lediglich Zugriffsdaten ohne Personenbezug wie z.B. den Namen Ihres Internet Service Providers, die Seite, von der aus Sie uns besuchen oder den Namen der angeforderten Datei. Personenbezogene Daten werden nur erhoben, wenn Sie uns diese freiwillig mitteilen. Wir verwenden die von ihnen mitgeteilten Daten ohne Ihre gesonderte Einwilligung ausschlie\u00dflich zur Erf\u00fcllung und Abwicklung Ihrer Anfrage. Mit vollst\u00e4ndiger Abwicklung des Vertrages werden Ihre Daten f\u00fcr die weitere Verwendung gesperrt und nach Ablauf der steuer- und handelsrechtlichen Aufbewahrungsfristen gel\u00f6scht, sofern Sie nicht ausdr\u00fccklich in die weitere Nutzung Ihrer Daten eingewilligt haben. Server-Log-Files Durch den Provider der Seiten werden automatisch Informationen in so genannten Server-Log Files generiert und gespeichert, die Ihr Browser automatisch an uns \u00fcbermittelt. Dabei handelt es um: Referrer URL, Uhrzeit der Serveranfrage, Browsertyp und Browserversion, Hostname des zugreifenden Rechners. Diese Daten sind keiner bestimmten Personen zuordenbar. Diese Daten\u00a0 werden nicht mit anderen Datenquellen zusammen gef\u00fchrt. Sollten uns konkrete Anhaltspunkte f\u00fcr eine rechtswidrige Nutzung bekannt werden, so behalten wir uns vor, diese Daten nachtr\u00e4glich zu \u00fcberpr\u00fcfen. Verwendung von Cookies Auf verschiedenen Seiten verwenden wir Cookies, um den Besuch unserer Website attraktiv zu gestalten und die Nutzung bestimmter Funktionen zu erm\u00f6glichen. Hierbei handelt es sich um kleine Textdateien, die auf Ihrem Rechner abgelegt&#8230; <\/p>\n","protected":false},"author":1,"featured_media":0,"parent":0,"menu_order":0,"comment_status":"closed","ping_status":"closed","template":"","meta":{"footnotes":""},"class_list":["post-152","page","type-page","status-publish","hentry"],"_links":{"self":[{"href":"http:\/\/hotel-zurmuehle.de\/index.php?rest_route=\/wp\/v2\/pages\/152","targetHints":{"allow":["GET"]}}],"collection":[{"href":"http:\/\/hotel-zurmuehle.de\/index.php?rest_route=\/wp\/v2\/pages"}],"about":[{"href":"http:\/\/hotel-zurmuehle.de\/index.php?rest_route=\/wp\/v2\/types\/page"}],"author":[{"embeddable":true,"href":"http:\/\/hotel-zurmuehle.de\/index.php?rest_route=\/wp\/v2\/users\/1"}],"replies":[{"embeddable":true,"href":"http:\/\/hotel-zurmuehle.de\/index.php?rest_route=%2Fwp%2Fv2%2Fcomments&post=152"}],"version-history":[{"count":1,"href":"http:\/\/hotel-zurmuehle.de\/index.php?rest_route=\/wp\/v2\/pages\/152\/revisions"}],"predecessor-version":[{"id":154,"href":"http:\/\/hotel-zurmuehle.de\/index.php?rest_route=\/wp\/v2\/pages\/152\/revisions\/154"}],"wp:attachment":[{"href":"http:\/\/hotel-zurmuehle.de\/index.php?rest_route=%2Fwp%2Fv2%2Fmedia&parent=152"}],"curies":[{"name":"wp","href":"https:\/\/api.w.org\/{rel}","templated":true}]}}