{"id":11,"date":"2016-04-26T18:32:49","date_gmt":"2016-04-26T18:32:49","guid":{"rendered":"http:\/\/hotel-zurmuehle.de\/?page_id=11"},"modified":"2026-01-30T17:23:59","modified_gmt":"2026-01-30T16:23:59","slug":"preise","status":"publish","type":"page","link":"http:\/\/hotel-zurmuehle.de\/?page_id=11","title":{"rendered":"Preise"},"content":{"rendered":"<h2 style=\"text-align: center;\">\u00dcbernachtungen<\/h2>\n<p>Zimmerkategorie pro \u00dcbernachtung:<\/p>\n<table border=\"0\" width=\"71%\" cellspacing=\"0\" cellpadding=\"0\" align=\"center\">\n<tbody>\n<tr>\n<td width=\"27%\" height=\"27\">\u00a0\u00a0<b>Doppelzimmer<\/b><\/td>\n<td width=\"73%\" height=\"27\">: ab 96 \u20ac<\/td>\n<\/tr>\n<tr>\n<td width=\"27%\" height=\"26\">\u00a0\u00a0<b>Einzelzimmer<\/b><\/td>\n<td width=\"73%\" height=\"26\">: ab 70 \u20ac<\/td>\n<\/tr>\n<tr>\n<td width=\"27%\" height=\"27\">\u00a0\u00a0<b>jede Aufbettung<\/b><\/td>\n<td width=\"73%\" height=\"27\">: 25,- \u20ac<\/td>\n<\/tr>\n<tr>\n<td width=\"27%\" height=\"27\">\u00a0\u00a0<b>Fr\u00fchst\u00fcck<\/b><\/td>\n<td width=\"73%\" height=\"27\">: 13,- \u20ac<\/td>\n<\/tr>\n<\/tbody>\n<\/table>\n<table border=\"0\" width=\"71%\" cellspacing=\"0\" cellpadding=\"0\" align=\"center\">\n<tbody>\n<tr>\n<td width=\"1%\" height=\"27\"><\/td>\n<td width=\"99%\" height=\"27\">Alle Kinder unter 3 Jahren zahlen keinen Aufpreis in einem der vorhandenen Betten.<br \/>\nAlle Kinder unter 2 Jahren zahlen keinen Aufpreis f\u00fcr ein Babybett.<\/td>\n<\/tr>\n<\/tbody>\n<\/table>\n<p>Alle Preise inkl. gesetzlicher Mehrwertsteuer.<\/p>\n<p><strong>Internet ist im gesamten Hotel per WLAN verf\u00fcgbar.<br \/>\nParkpl\u00e4tze sind bei uns direkt vor dem Haus kostenlos verf\u00fcgbar.<\/strong><\/p>\n<p>Wenn Sie ein verl\u00e4ngertes Wochenende oder einen ausgiebigen Urlaub bei uns verbringen m\u00f6chten, sprechen Sie uns gerne an. Wir werden mit Ihnen ein Angebot ausarbeiten was individuell auf Ihre Bed\u00fcrfnisse zugeschnitten ist.<\/p>\n<p>F\u00fcr Ihr leibliches Wohl ist auch gesorgt, Sie k\u00f6nnen sich am Morgen an einem reichhaltigen und nahrhaften Fr\u00fchst\u00fccksbuffet bedienen. Am Abend bieten wir auf Wunsch eine Brotzeit mit Wein oder Bier vom Fass an.<\/p>\n<h2><\/h2>\n<h2 style=\"text-align: center;\">Geschenkideen<\/h2>\n<p>Suchen Sie ein sch\u00f6nes Geschenk f\u00fcr eine Freundin, Freund, Bekannte oder Familienmitglied, dann sprechen Sie uns gerne an. Auf Grundlage unserer langen Erfahrung sind wir sicher, das wir mit Ihnen zusammen ein passendes Geschenk finden werden. Falls Sie noch nicht genau wissen wann und wie genau das Geschenk aussehen soll, dann \u00fcberraschen Sie die Person mit einem Geschenkgutschein z.B. f\u00fcr ein verl\u00e4ngertes Wochenende oder ein paar Tage im Gr\u00fcnen.<\/p>\n<p>Suchen Sie kulturelle Abwechslung, gerne informieren wir Sie \u00fcber m\u00f6gliche Alternativen und \u00fcbernehmen die\u00a0Organisation der\u00a0Karten.<\/p>\n","protected":false},"excerpt":{"rendered":"<p>\u00dcbernachtungen Zimmerkategorie pro \u00dcbernachtung: \u00a0\u00a0Doppelzimmer : ab 96 \u20ac \u00a0\u00a0Einzelzimmer : ab 70 \u20ac \u00a0\u00a0jede Aufbettung : 25,- \u20ac \u00a0\u00a0Fr\u00fchst\u00fcck : 13,- \u20ac Alle Kinder unter 3 Jahren zahlen keinen Aufpreis in einem der vorhandenen Betten. Alle Kinder unter 2 Jahren zahlen keinen Aufpreis f\u00fcr ein Babybett. Alle Preise inkl. gesetzlicher Mehrwertsteuer. Internet ist im gesamten Hotel per WLAN verf\u00fcgbar. Parkpl\u00e4tze sind bei uns direkt vor dem Haus kostenlos verf\u00fcgbar. Wenn Sie ein verl\u00e4ngertes Wochenende oder einen ausgiebigen Urlaub bei uns verbringen m\u00f6chten, sprechen Sie uns gerne an. Wir werden mit Ihnen ein Angebot ausarbeiten was individuell auf Ihre Bed\u00fcrfnisse zugeschnitten ist. F\u00fcr Ihr leibliches Wohl ist auch gesorgt, Sie k\u00f6nnen sich am Morgen an einem reichhaltigen und nahrhaften Fr\u00fchst\u00fccksbuffet bedienen. Am Abend bieten wir auf Wunsch eine Brotzeit mit Wein oder Bier vom Fass an. Geschenkideen Suchen Sie ein sch\u00f6nes Geschenk f\u00fcr eine Freundin, Freund, Bekannte oder Familienmitglied, dann sprechen Sie uns gerne an. Auf Grundlage unserer langen Erfahrung sind wir sicher, das wir mit Ihnen zusammen ein passendes Geschenk finden werden. Falls Sie noch nicht genau wissen wann und wie genau das Geschenk aussehen soll, dann \u00fcberraschen Sie die Person mit einem Geschenkgutschein z.B. f\u00fcr ein verl\u00e4ngertes Wochenende oder ein paar Tage im Gr\u00fcnen. Suchen Sie kulturelle Abwechslung, gerne informieren wir Sie \u00fcber m\u00f6gliche Alternativen und \u00fcbernehmen die\u00a0Organisation der\u00a0Karten.<\/p>\n","protected":false},"author":1,"featured_media":0,"parent":0,"menu_order":0,"comment_status":"closed","ping_status":"closed","template":"full-width.php","meta":{"footnotes":""},"class_list":["post-11","page","type-page","status-publish","hentry"],"_links":{"self":[{"href":"http:\/\/hotel-zurmuehle.de\/index.php?rest_route=\/wp\/v2\/pages\/11","targetHints":{"allow":["GET"]}}],"collection":[{"href":"http:\/\/hotel-zurmuehle.de\/index.php?rest_route=\/wp\/v2\/pages"}],"about":[{"href":"http:\/\/hotel-zurmuehle.de\/index.php?rest_route=\/wp\/v2\/types\/page"}],"author":[{"embeddable":true,"href":"http:\/\/hotel-zurmuehle.de\/index.php?rest_route=\/wp\/v2\/users\/1"}],"replies":[{"embeddable":true,"href":"http:\/\/hotel-zurmuehle.de\/index.php?rest_route=%2Fwp%2Fv2%2Fcomments&post=11"}],"version-history":[{"count":23,"href":"http:\/\/hotel-zurmuehle.de\/index.php?rest_route=\/wp\/v2\/pages\/11\/revisions"}],"predecessor-version":[{"id":212,"href":"http:\/\/hotel-zurmuehle.de\/index.php?rest_route=\/wp\/v2\/pages\/11\/revisions\/212"}],"wp:attachment":[{"href":"http:\/\/hotel-zurmuehle.de\/index.php?rest_route=%2Fwp%2Fv2%2Fmedia&parent=11"}],"curies":[{"name":"wp","href":"https:\/\/api.w.org\/{rel}","templated":true}]}}